{"id":1292,"date":"2018-10-25T15:26:09","date_gmt":"2018-10-25T15:26:09","guid":{"rendered":"http:\/\/wordpress-89239-751427.cloudwaysapps.com\/?page_id=1292"},"modified":"2023-03-22T15:48:15","modified_gmt":"2023-03-22T15:48:15","slug":"about-homey","status":"publish","type":"page","link":"https:\/\/bestguestresidence.com\/fr\/about-homey\/","title":{"rendered":"\u00c0 Propos de Nous"},"content":{"rendered":"<p>[vc_row][vc_column][vc_empty_space][vc_column_text]<\/p>\n<p class=\"western\" align=\"JUSTIFY\"><span style=\"color: #3b4249;\"><span style=\"font-family: Arial, serif;\"><span style=\"font-size: medium;\">Best Guest Residence est le projet de deux fr\u00e8res de Lagos qui ont consacr\u00e9 les deux derni\u00e8res d\u00e9cennies au tourisme et \u00e0 l&#8217;art de l&#8217;hospitalit\u00e9. N\u00e9 seulement deux mois avant la pand\u00e9mie, les d\u00e9fis \u00e9taient immenses, mais la passion a gard\u00e9 vivante l&#8217;\u00e2me du projet qui a vu le jour en avril 2021. Nous disposons de 3 chambres priv\u00e9es et d&#8217;un dortoir mixte pour 8 personnes. Nous offrons un environnement calme et familier. Situ\u00e9 dans une zone privil\u00e9gi\u00e9e de la ville de Lagos, avec un excellent acc\u00e8s aux plages, au centre ville et aux principales voies de communication. Nos h\u00f4tes peuvent profiter d&#8217;un parking gratuit devant notre Guest House et d&#8217;un arr\u00eat de bus qui leur permettra d&#8217;acc\u00e9der aux principales destinations de notre comt\u00e9.<\/span><\/span><\/span><\/p>\n<p class=\"western\" align=\"JUSTIFY\"><span style=\"color: #3b4249;\"><span style=\"font-family: Arial, serif;\"><span style=\"font-size: medium;\">A proximit\u00e9, vous trouverez des supermarch\u00e9s, des restaurants, des caf\u00e9s et plusieurs take-away.<\/span><\/span><\/span><\/p>\n<p>[\/vc_column_text][vc_empty_space][\/vc_column][\/vc_row][vc_row][vc_column][\/vc_column][\/vc_row]<\/p>","protected":false},"excerpt":{"rendered":"<p>[vc_row][vc_column][vc_empty_space][vc_column_text] Best Guest Residence est le projet de deux fr\u00e8res de Lagos qui ont consacr\u00e9 les deux derni\u00e8res d\u00e9cennies au tourisme et \u00e0 l&#8217;art de l&#8217;hospitalit\u00e9. N\u00e9 seulement deux mois avant la pand\u00e9mie, les d\u00e9fis \u00e9taient immenses, mais la passion a gard\u00e9 vivante l&#8217;\u00e2me du projet qui a vu le jour en avril 2021. Nous [&hellip;]<\/p>\n","protected":false},"author":1,"featured_media":0,"parent":0,"menu_order":0,"comment_status":"closed","ping_status":"closed","template":"template\/template-homepage.php","meta":{"inline_featured_image":false,"footnotes":"","_joinchat":[]},"_links":{"self":[{"href":"https:\/\/bestguestresidence.com\/fr\/wp-json\/wp\/v2\/pages\/1292"}],"collection":[{"href":"https:\/\/bestguestresidence.com\/fr\/wp-json\/wp\/v2\/pages"}],"about":[{"href":"https:\/\/bestguestresidence.com\/fr\/wp-json\/wp\/v2\/types\/page"}],"author":[{"embeddable":true,"href":"https:\/\/bestguestresidence.com\/fr\/wp-json\/wp\/v2\/users\/1"}],"replies":[{"embeddable":true,"href":"https:\/\/bestguestresidence.com\/fr\/wp-json\/wp\/v2\/comments?post=1292"}],"version-history":[{"count":6,"href":"https:\/\/bestguestresidence.com\/fr\/wp-json\/wp\/v2\/pages\/1292\/revisions"}],"predecessor-version":[{"id":2989,"href":"https:\/\/bestguestresidence.com\/fr\/wp-json\/wp\/v2\/pages\/1292\/revisions\/2989"}],"wp:attachment":[{"href":"https:\/\/bestguestresidence.com\/fr\/wp-json\/wp\/v2\/media?parent=1292"}],"curies":[{"name":"wp","href":"https:\/\/api.w.org\/{rel}","templated":true}]}}