{"id":1292,"date":"2018-10-25T15:26:09","date_gmt":"2018-10-25T15:26:09","guid":{"rendered":"http:\/\/wordpress-89239-751427.cloudwaysapps.com\/?page_id=1292"},"modified":"2023-03-22T15:48:15","modified_gmt":"2023-03-22T15:48:15","slug":"about-homey","status":"publish","type":"page","link":"https:\/\/bestguestresidence.com\/es\/about-homey\/","title":{"rendered":"Sobre Nosotros"},"content":{"rendered":"<p>[vc_row][vc_column][vc_empty_space][vc_column_text]<\/p>\n<p class=\"western\" align=\"JUSTIFY\"><span style=\"color: #3b4249;\"><span style=\"font-family: Arial, serif;\"><span style=\"font-size: medium;\">Best Guest Residence es un proyecto de dos hermanos lacobrigenses que han dedicado las dos \u00faltimas d\u00e9cadas al turismo y al arte de la hospitalidad. Nacido apenas dos meses antes de la Pandemia, los desaf\u00edos fueron inmensos, pero la pasi\u00f3n mantuvo viva el alma del proyecto que vio la luz en abril de 2021. Disponemos de 3 habitaciones privadas y un dormitorio mixto para 8 personas. Ofrecemos un ambiente tranquilo y familiar. Situado en una zona privilegiada de la ciudad de Lagos, con excelentes accesos a las playas, al centro de la ciudad y a las principales v\u00edas de comunicaci\u00f3n. Nuestros hu\u00e9spedes pueden disfrutar de un aparcamiento gratuito frente a nuestra Guest House y de una parada de autob\u00fas que les dar\u00e1 acceso a los principales destinos de nuestra comarca.<\/span><\/span><\/span><\/p>\n<p class=\"western\" align=\"JUSTIFY\"><span style=\"color: #3b4249;\"><span style=\"font-family: Arial, serif;\"><span style=\"font-size: medium;\">Cerca hay supermercados, restaurantes, caf\u00e9s y varios take-away.<\/span><\/span><\/span><\/p>\n<p>[\/vc_column_text][vc_empty_space][\/vc_column][\/vc_row][vc_row][vc_column][\/vc_column][\/vc_row]<\/p>","protected":false},"excerpt":{"rendered":"<p>[vc_row][vc_column][vc_empty_space][vc_column_text] Best Guest Residence es un proyecto de dos hermanos lacobrigenses que han dedicado las dos \u00faltimas d\u00e9cadas al turismo y al arte de la hospitalidad. Nacido apenas dos meses antes de la Pandemia, los desaf\u00edos fueron inmensos, pero la pasi\u00f3n mantuvo viva el alma del proyecto que vio la luz en abril de 2021. [&hellip;]<\/p>\n","protected":false},"author":1,"featured_media":0,"parent":0,"menu_order":0,"comment_status":"closed","ping_status":"closed","template":"template\/template-homepage.php","meta":{"inline_featured_image":false,"footnotes":"","_joinchat":[]},"_links":{"self":[{"href":"https:\/\/bestguestresidence.com\/es\/wp-json\/wp\/v2\/pages\/1292"}],"collection":[{"href":"https:\/\/bestguestresidence.com\/es\/wp-json\/wp\/v2\/pages"}],"about":[{"href":"https:\/\/bestguestresidence.com\/es\/wp-json\/wp\/v2\/types\/page"}],"author":[{"embeddable":true,"href":"https:\/\/bestguestresidence.com\/es\/wp-json\/wp\/v2\/users\/1"}],"replies":[{"embeddable":true,"href":"https:\/\/bestguestresidence.com\/es\/wp-json\/wp\/v2\/comments?post=1292"}],"version-history":[{"count":6,"href":"https:\/\/bestguestresidence.com\/es\/wp-json\/wp\/v2\/pages\/1292\/revisions"}],"predecessor-version":[{"id":2989,"href":"https:\/\/bestguestresidence.com\/es\/wp-json\/wp\/v2\/pages\/1292\/revisions\/2989"}],"wp:attachment":[{"href":"https:\/\/bestguestresidence.com\/es\/wp-json\/wp\/v2\/media?parent=1292"}],"curies":[{"name":"wp","href":"https:\/\/api.w.org\/{rel}","templated":true}]}}