{"id":1292,"date":"2018-10-25T15:26:09","date_gmt":"2018-10-25T15:26:09","guid":{"rendered":"http:\/\/wordpress-89239-751427.cloudwaysapps.com\/?page_id=1292"},"modified":"2023-03-22T15:48:15","modified_gmt":"2023-03-22T15:48:15","slug":"about-homey","status":"publish","type":"page","link":"https:\/\/bestguestresidence.com\/de\/about-homey\/","title":{"rendered":"\u00dcber uns"},"content":{"rendered":"<p>[vc_row][vc_column][vc_empty_space][vc_column_text]<\/p>\n<p class=\"western\" align=\"JUSTIFY\"><span style=\"color: #3b4249;\"><span style=\"font-family: Arial, serif;\"><span style=\"font-size: medium;\">Best Guest Residence ist ein Projekt von zwei Br\u00fcdern aus Lagos, die sich seit zwei Jahrzehnten dem Tourismus und der Kunst der Gastfreundschaft verschrieben haben. <\/span><\/span><\/span><span style=\"color: #3b4249;\"><span style=\"font-family: Arial, serif;\"><span style=\"font-size: medium;\"><span lang=\"en-US\">Nur zwei Monate vor der Pandemie entstanden, waren die Herausforderungen immens, aber die Leidenschaft hielt die Seele des Projekts am Leben, das im April 2021 das Licht der Welt erblickte. Wir haben 3 Privatzimmer und einen gemischten Schlafsaal f\u00fcr 8 Personen. Wir bieten eine ruhige und famili\u00e4re Umgebung. Die Jugendherberge befindet sich in einer privilegierten Gegend der Stadt Lagos, mit ausgezeichnetem Zugang zu den Str\u00e4nden, dem Stadtzentrum und den Hauptverkehrswegen. Unseren G\u00e4sten stehen ein kostenloser Parkplatz vor der Pension und eine Bushaltestelle zur Verf\u00fcgung, von der aus sie die wichtigsten Ziele in unserem Bezirk erreichen k\u00f6nnen.<\/span><\/span><\/span><\/span><\/p>\n<p class=\"western\" align=\"JUSTIFY\"><span style=\"color: #3b4249;\"><span style=\"font-family: Arial, serif;\"><span style=\"font-size: medium;\"><span lang=\"en-US\">In der N\u00e4he gibt es Superm\u00e4rkte, Restaurants, Caf\u00e9s und mehrere Imbissbuden.<\/span><\/span><\/span><\/span><\/p>\n<p>[\/vc_column_text][vc_empty_space][\/vc_column][\/vc_row][vc_row][vc_column][\/vc_column][\/vc_row]<\/p>","protected":false},"excerpt":{"rendered":"<p>[vc_row][vc_column][vc_empty_space][vc_column_text] Best Guest Residence ist ein Projekt von zwei Br\u00fcdern aus Lagos, die sich seit zwei Jahrzehnten dem Tourismus und der Kunst der Gastfreundschaft verschrieben haben. Nur zwei Monate vor der Pandemie entstanden, waren die Herausforderungen immens, aber die Leidenschaft hielt die Seele des Projekts am Leben, das im April 2021 das Licht der Welt [&hellip;]<\/p>\n","protected":false},"author":1,"featured_media":0,"parent":0,"menu_order":0,"comment_status":"closed","ping_status":"closed","template":"template\/template-homepage.php","meta":{"inline_featured_image":false,"footnotes":"","_joinchat":[]},"_links":{"self":[{"href":"https:\/\/bestguestresidence.com\/de\/wp-json\/wp\/v2\/pages\/1292"}],"collection":[{"href":"https:\/\/bestguestresidence.com\/de\/wp-json\/wp\/v2\/pages"}],"about":[{"href":"https:\/\/bestguestresidence.com\/de\/wp-json\/wp\/v2\/types\/page"}],"author":[{"embeddable":true,"href":"https:\/\/bestguestresidence.com\/de\/wp-json\/wp\/v2\/users\/1"}],"replies":[{"embeddable":true,"href":"https:\/\/bestguestresidence.com\/de\/wp-json\/wp\/v2\/comments?post=1292"}],"version-history":[{"count":6,"href":"https:\/\/bestguestresidence.com\/de\/wp-json\/wp\/v2\/pages\/1292\/revisions"}],"predecessor-version":[{"id":2989,"href":"https:\/\/bestguestresidence.com\/de\/wp-json\/wp\/v2\/pages\/1292\/revisions\/2989"}],"wp:attachment":[{"href":"https:\/\/bestguestresidence.com\/de\/wp-json\/wp\/v2\/media?parent=1292"}],"curies":[{"name":"wp","href":"https:\/\/api.w.org\/{rel}","templated":true}]}}